{"id":1415,"date":"2025-09-18T09:10:15","date_gmt":"2025-09-18T07:10:15","guid":{"rendered":"https:\/\/wceprocess.com\/?page_id=1415"},"modified":"2025-12-09T06:03:54","modified_gmt":"2025-12-09T05:03:54","slug":"decarbonation-des-fumees-issues-dun-equipement-de-combustion","status":"publish","type":"page","link":"https:\/\/www.co2engineering.com\/en\/decarbonation-des-fumees-issues-dun-equipement-de-combustion\/","title":{"rendered":"D\u00e9carbonation des fum\u00e9es issues d\u2019un \u00e9quipement de combustion"},"content":{"rendered":"<div data-elementor-type=\"wp-page\" data-elementor-id=\"1415\" class=\"elementor elementor-1415\">\n\t\t\t\t\t\t\t<div class=\"elementor-element elementor-element-3b304dcb e-flex e-con-boxed e-con e-parent\" data-id=\"3b304dcb\" data-element_type=\"container\" data-settings=\"{&quot;content_width&quot;:&quot;boxed&quot;}\" data-core-v316-plus=\"true\">\n\t\t\t\t\t<div class=\"e-con-inner\">\n\t\t\t\t<div class=\"elementor-element elementor-element-3df3a1e6 elementor-widget elementor-widget-spacer\" data-id=\"3df3a1e6\" data-element_type=\"widget\" data-widget_type=\"spacer.default\">\n\t\t\t\t<div class=\"elementor-widget-container\">\n\t\t\t<style>\/*! elementor - v3.17.0 - 08-11-2023 *\/\n.elementor-column .elementor-spacer-inner{height:var(--spacer-size)}.e-con{--container-widget-width:100%}.e-con-inner>.elementor-widget-spacer,.e-con>.elementor-widget-spacer{width:var(--container-widget-width,var(--spacer-size));--align-self:var(--container-widget-align-self,initial);--flex-shrink:0}.e-con-inner>.elementor-widget-spacer>.elementor-widget-container,.e-con>.elementor-widget-spacer>.elementor-widget-container{height:100%;width:100%}.e-con-inner>.elementor-widget-spacer>.elementor-widget-container>.elementor-spacer,.e-con>.elementor-widget-spacer>.elementor-widget-container>.elementor-spacer{height:100%}.e-con-inner>.elementor-widget-spacer>.elementor-widget-container>.elementor-spacer>.elementor-spacer-inner,.e-con>.elementor-widget-spacer>.elementor-widget-container>.elementor-spacer>.elementor-spacer-inner{height:var(--container-widget-height,var(--spacer-size))}.e-con-inner>.elementor-widget-spacer.elementor-widget-empty,.e-con>.elementor-widget-spacer.elementor-widget-empty{position:relative;min-height:22px;min-width:22px}.e-con-inner>.elementor-widget-spacer.elementor-widget-empty .elementor-widget-empty-icon,.e-con>.elementor-widget-spacer.elementor-widget-empty .elementor-widget-empty-icon{position:absolute;top:0;bottom:0;left:0;right:0;margin:auto;padding:0;width:22px;height:22px}<\/style>\t\t<div class=\"elementor-spacer\">\n\t\t\t<div class=\"elementor-spacer-inner\"><\/div>\n\t\t<\/div>\n\t\t\t\t<\/div>\n\t\t\t\t<\/div>\n\t\t<div class=\"elementor-element elementor-element-1b5c7b6 e-flex e-con-boxed e-con e-child\" data-id=\"1b5c7b6\" data-element_type=\"container\" data-settings=\"{&quot;background_background&quot;:&quot;classic&quot;,&quot;content_width&quot;:&quot;boxed&quot;}\">\n\t\t\t\t\t<div class=\"e-con-inner\">\n\t\t<div class=\"elementor-element elementor-element-13af8f4 e-flex e-con-boxed e-con e-child\" data-id=\"13af8f4\" data-element_type=\"container\" data-settings=\"{&quot;content_width&quot;:&quot;boxed&quot;}\">\n\t\t\t\t\t<div class=\"e-con-inner\">\n\t\t\t\t<div class=\"elementor-element elementor-element-ca9045c elementor-widget elementor-widget-heading\" data-id=\"ca9045c\" data-element_type=\"widget\" data-widget_type=\"heading.default\">\n\t\t\t\t<div class=\"elementor-widget-container\">\n\t\t\t<style>\/*! elementor - v3.17.0 - 08-11-2023 *\/\n.elementor-heading-title{padding:0;margin:0;line-height:1}.elementor-widget-heading .elementor-heading-title[class*=elementor-size-]>a{color:inherit;font-size:inherit;line-height:inherit}.elementor-widget-heading .elementor-heading-title.elementor-size-small{font-size:15px}.elementor-widget-heading .elementor-heading-title.elementor-size-medium{font-size:19px}.elementor-widget-heading .elementor-heading-title.elementor-size-large{font-size:29px}.elementor-widget-heading .elementor-heading-title.elementor-size-xl{font-size:39px}.elementor-widget-heading .elementor-heading-title.elementor-size-xxl{font-size:59px}<\/style><h2 class=\"elementor-heading-title elementor-size-default\">D\u00e9carbonation des fum\u00e9es issues d\u2019un \u00e9quipement de combustion<\/h2>\t\t<\/div>\n\t\t\t\t<\/div>\n\t\t\t\t\t<\/div>\n\t\t\t\t<\/div>\n\t\t\t\t\t<\/div>\n\t\t\t\t<\/div>\n\t\t\t\t\t<\/div>\n\t\t\t\t<\/div>\n\t\t<div class=\"elementor-element elementor-element-2ebcc5ba e-flex e-con-boxed e-con e-parent\" data-id=\"2ebcc5ba\" data-element_type=\"container\" data-settings=\"{&quot;content_width&quot;:&quot;boxed&quot;}\" data-core-v316-plus=\"true\">\n\t\t\t\t\t<div class=\"e-con-inner\">\n\t\t\t\t<div class=\"elementor-element elementor-element-6ae657b4 elementor-widget elementor-widget-spacer\" data-id=\"6ae657b4\" data-element_type=\"widget\" data-widget_type=\"spacer.default\">\n\t\t\t\t<div class=\"elementor-widget-container\">\n\t\t\t\t\t<div class=\"elementor-spacer\">\n\t\t\t<div class=\"elementor-spacer-inner\"><\/div>\n\t\t<\/div>\n\t\t\t\t<\/div>\n\t\t\t\t<\/div>\n\t\t\t\t\t<\/div>\n\t\t\t\t<\/div>\n\t\t<div class=\"elementor-element elementor-element-640a3d8 e-flex e-con-boxed e-con e-parent\" data-id=\"640a3d8\" data-element_type=\"container\" data-settings=\"{&quot;content_width&quot;:&quot;boxed&quot;}\" data-core-v316-plus=\"true\">\n\t\t\t\t\t<div class=\"e-con-inner\">\n\t\t<div class=\"elementor-element elementor-element-a29959e e-con-full e-flex e-con e-child\" data-id=\"a29959e\" data-element_type=\"container\" data-settings=\"{&quot;content_width&quot;:&quot;full&quot;}\">\n\t\t<div class=\"elementor-element elementor-element-82c8c30 e-flex e-con-boxed e-con e-child\" data-id=\"82c8c30\" data-element_type=\"container\" data-settings=\"{&quot;content_width&quot;:&quot;boxed&quot;}\">\n\t\t\t\t\t<div class=\"e-con-inner\">\n\t\t\t\t<div class=\"elementor-element elementor-element-96b1c73 elementor-widget elementor-widget-text-editor\" data-id=\"96b1c73\" data-element_type=\"widget\" data-widget_type=\"text-editor.default\">\n\t\t\t\t<div class=\"elementor-widget-container\">\n\t\t\t<style>\/*! elementor - v3.17.0 - 08-11-2023 *\/\n.elementor-widget-text-editor.elementor-drop-cap-view-stacked .elementor-drop-cap{background-color:#69727d;color:#fff}.elementor-widget-text-editor.elementor-drop-cap-view-framed .elementor-drop-cap{color:#69727d;border:3px solid;background-color:transparent}.elementor-widget-text-editor:not(.elementor-drop-cap-view-default) .elementor-drop-cap{margin-top:8px}.elementor-widget-text-editor:not(.elementor-drop-cap-view-default) .elementor-drop-cap-letter{width:1em;height:1em}.elementor-widget-text-editor .elementor-drop-cap{float:left;text-align:center;line-height:1;font-size:50px}.elementor-widget-text-editor .elementor-drop-cap-letter{display:inline-block}<\/style>\t\t\t\t<p><strong><span style=\"text-decoration: underline;\">Description de la solution :<\/span><\/strong> \u00a0<b>Recyclage des fum\u00e9es<\/b> vers la chambre de combustion (oxy-combustion) int\u00e9grant un g\u00e9n\u00e9rateur d\u2019oxyg\u00e8ne consommant le CO2 provenant des fum\u00e9es et produisant une <b>mol\u00e9cule organique d\u2019int\u00e9r\u00eat <\/b>(exemple : m\u00e9thanol, e-fuel&#8230;). <strong>Solution brevet\u00e9e.<\/strong><\/p><p><span style=\"text-decoration: underline;\"><strong>Objectif :<\/strong><\/span> R\u00e9duire rapidement l&#8217;empreinte carbone des \u00e9quipements de combustion en valorisant mieux le CO2.<\/p><p><span style=\"text-decoration: underline;\"><strong>Valeur ajout\u00e9e :<\/strong><\/span> Proc\u00e9d\u00e9 innovant s&rsquo;appuyant sur des technologies existantes qui repr\u00e9sente une premi\u00e8re \u00e9tape avant le remplacement des \u00e9quipements susceptibles d&rsquo;\u00eatre aliment\u00e9s \u00e0 100% par de l&rsquo;hydrog\u00e8ne.<\/p><p><strong><span style=\"text-decoration: underline;\">Cibles :<\/span><\/strong> Chaudi\u00e8res aliment\u00e9es en fuel, gaz ou au bois, avec une puissance comprise entre 10 et 300 MW, groupes \u00e9lectrog\u00e8nes.<\/p><p><b>\u00a0 \u00a0 \u00a0 \u00a0 \u00a0 \u00a0 \u00a0 \u00a0 \u00a0 \u00a0 \u00a0 \u00a0 \u00a0 \u00a0 \u00a0 \u00a0 \u00a0 \u00a0 \u00a0 \u00a0 \u00a0 \u00a0 \u00a0 \u00a0 \u00a0 \u00a0<u>Business case :<\/u><\/b><\/p><p class=\"cvGsUA direction-ltr align-start para-style-body\"><span class=\"a_GcMg font-feature-liga-off font-feature-clig-off font-feature-calt-off text-decoration-none text-strikethrough-none\"><u>Equipement:<\/u> Chaudi\u00e8re de 10 MW<\/span><\/p><p class=\"cvGsUA direction-ltr align-start para-style-body\"><span class=\"a_GcMg font-feature-liga-off font-feature-clig-off font-feature-calt-off text-decoration-none text-strikethrough-none\"><u>Solution propos\u00e9e:<\/u> d\u00e9carbonation des fum\u00e9es et production de m\u00e9thanol<\/span><\/p><p class=\"cvGsUA direction-ltr align-start para-style-body\"><span class=\"a_GcMg font-feature-liga-off font-feature-clig-off font-feature-calt-off text-decoration-none text-strikethrough-none\"><u>B\u00e9n\u00e9fices:<\/u> \u00e9conomiques et environnementaux\u00a0<\/span><\/p><ul><li class=\"cvGsUA direction-ltr align-start para-style-body\"><span style=\"font-size: 14px;\">20 000 T de CO2 non rejet\u00e9 dans l\u2019atmosph\u00e8re \/ an\u00a0 \u00a0 \u00a0 \u00a0 \u00a0 \u00a0 \u00a0 \u00a0 \u00a0 \u00a0 \u00a0 \u00a0 \u00a0 \u00a0 \u00a0 \u00a0 \u00a0 \u00a0 \u00a0 \u00a0 \u00a0<\/span><\/li><li class=\"cvGsUA direction-ltr align-start para-style-body\"><span class=\"a_GcMg font-feature-liga-off font-feature-clig-off font-feature-calt-off text-decoration-none text-strikethrough-none\">15 000 T de e-methanol produit \/ an\u00a0 \u00a0 \u00a0 \u00a0 \u00a0 \u00a0 \u00a0 \u00a0 \u00a0 \u00a0 \u00a0 \u00a0 \u00a0 \u00a0 \u00a0 \u00a0 \u00a0 \u00a0 \u00a0 \u00a0 \u00a0 \u00a0 \u00a0 \u00a0 \u00a0 \u00a0 \u00a0 \u00a0 \u00a0 \u00a0 \u00a0 \u00a0 \u00a0 \u00a0 \u00a0\u00a0<\/span><\/li><\/ul><p class=\"cvGsUA direction-ltr align-start para-style-body\"><span class=\"a_GcMg font-feature-liga-off font-feature-clig-off font-feature-calt-off text-decoration-none text-strikethrough-none\"><u><b>Proc\u00e9d\u00e9 pour ce business case en deux \u00e9tapes:<\/b><\/u><\/span><\/p><p class=\"cvGsUA direction-ltr align-start para-style-body\"><span class=\"a_GcMg font-feature-liga-off font-feature-clig-off font-feature-calt-off text-decoration-none text-strikethrough-none\">1\u00b0 Electrolyse de l\u2019eau qui va produire les 2\/3 du besoin en Oxyg\u00e8ne\u00a0 \u00a0 \u00a0 \u00a0 \u00a0 \u00a0 \u00a0 \u00a0 <\/span><span class=\"a_GcMg font-feature-liga-off font-feature-clig-off font-feature-calt-off text-decoration-none text-strikethrough-none\">2\u00b0 R\u00e9action catalytique entre le CO2 et H2 pour produire du m\u00e9thanol et 1\/3 des besoins en oxyg\u00e8ne<\/span><\/p><p><span style=\"text-decoration: underline;\"><strong>Mise en service du premier d\u00e9monstrateur :<\/strong><\/span> Octobre 2025\u00a0 \u00a0 \u00a0 \u00a0 \u00a0 \u00a0 \u00a0 \u00a0 \u00a0 Recherche de partenaires pour d\u00e9ployer ce nouveau proc\u00e9d\u00e9 \u00e0 grande \u00e9chelle<\/p><p><span style=\"text-decoration: underline;\"><strong>Retour sur investissement :<\/strong><\/span> &lt; 5 ans<\/p>\t\t\t\t\t\t<\/div>\n\t\t\t\t<\/div>\n\t\t\t\t\t<\/div>\n\t\t\t\t<\/div>\n\t\t\t\t<div class=\"elementor-element elementor-element-80ddfba elementor-align-center elementor-widget elementor-widget-button\" data-id=\"80ddfba\" data-element_type=\"widget\" data-widget_type=\"button.default\">\n\t\t\t\t<div class=\"elementor-widget-container\">\n\t\t\t\t\t<div class=\"elementor-button-wrapper\">\n\t\t\t<a class=\"elementor-button elementor-button-link elementor-size-sm\" href=\"https:\/\/www.co2engineering.com\/en\/contact\/\">\n\t\t\t\t\t\t<span class=\"elementor-button-content-wrapper\">\n\t\t\t\t\t\t<span class=\"elementor-button-text\">Sollicitez nous pour une pr\u00e9-\u00e9tude<\/span>\n\t\t<\/span>\n\t\t\t\t\t<\/a>\n\t\t<\/div>\n\t\t\t\t<\/div>\n\t\t\t\t<\/div>\n\t\t\t\t<\/div>\n\t\t<div class=\"elementor-element elementor-element-1da7cbb e-con-full e-flex e-con e-child\" data-id=\"1da7cbb\" data-element_type=\"container\" data-settings=\"{&quot;content_width&quot;:&quot;full&quot;}\">\n\t\t<div class=\"elementor-element elementor-element-e33f97d e-flex e-con-boxed e-con e-child\" data-id=\"e33f97d\" data-element_type=\"container\" data-settings=\"{&quot;content_width&quot;:&quot;boxed&quot;}\">\n\t\t\t\t\t<div class=\"e-con-inner\">\n\t\t\t\t<div class=\"elementor-element elementor-element-22431a6 elementor-widget elementor-widget-image\" data-id=\"22431a6\" data-element_type=\"widget\" data-widget_type=\"image.default\">\n\t\t\t\t<div class=\"elementor-widget-container\">\n\t\t\t<style>\/*! elementor - v3.17.0 - 08-11-2023 *\/\n.elementor-widget-image{text-align:center}.elementor-widget-image a{display:inline-block}.elementor-widget-image a img[src$=\".svg\"]{width:48px}.elementor-widget-image img{vertical-align:middle;display:inline-block}<\/style>\t\t\t\t\t\t\t\t\t\t\t\t<img fetchpriority=\"high\" decoding=\"async\" width=\"768\" height=\"1024\" src=\"https:\/\/www.co2engineering.com\/wp-content\/uploads\/2025\/09\/cdc8fb36-9fd0-4e2e-aabc-2024e7d740f1-768x1024.png\" class=\"attachment-large size-large wp-image-1552\" alt=\"\" srcset=\"https:\/\/www.co2engineering.com\/wp-content\/uploads\/2025\/09\/cdc8fb36-9fd0-4e2e-aabc-2024e7d740f1-768x1024.png 768w, https:\/\/www.co2engineering.com\/wp-content\/uploads\/2025\/09\/cdc8fb36-9fd0-4e2e-aabc-2024e7d740f1-225x300.png 225w, https:\/\/www.co2engineering.com\/wp-content\/uploads\/2025\/09\/cdc8fb36-9fd0-4e2e-aabc-2024e7d740f1-1152x1536.png 1152w, https:\/\/www.co2engineering.com\/wp-content\/uploads\/2025\/09\/cdc8fb36-9fd0-4e2e-aabc-2024e7d740f1-9x12.png 9w, https:\/\/www.co2engineering.com\/wp-content\/uploads\/2025\/09\/cdc8fb36-9fd0-4e2e-aabc-2024e7d740f1.png 1512w\" sizes=\"(max-width: 768px) 100vw, 768px\" \/>\t\t\t\t\t\t\t\t\t\t\t\t\t\t\t<\/div>\n\t\t\t\t<\/div>\n\t\t\t\t\t<\/div>\n\t\t\t\t<\/div>\n\t\t\t\t<\/div>\n\t\t\t\t\t<\/div>\n\t\t\t\t<\/div>\n\t\t<div class=\"elementor-element elementor-element-764c39cc e-flex e-con-boxed e-con e-parent\" data-id=\"764c39cc\" data-element_type=\"container\" data-settings=\"{&quot;content_width&quot;:&quot;boxed&quot;}\" data-core-v316-plus=\"true\">\n\t\t\t\t\t<div class=\"e-con-inner\">\n\t\t\t\t<div class=\"elementor-element elementor-element-15c5234 elementor-widget elementor-widget-spacer\" data-id=\"15c5234\" data-element_type=\"widget\" data-widget_type=\"spacer.default\">\n\t\t\t\t<div class=\"elementor-widget-container\">\n\t\t\t\t\t<div class=\"elementor-spacer\">\n\t\t\t<div class=\"elementor-spacer-inner\"><\/div>\n\t\t<\/div>\n\t\t\t\t<\/div>\n\t\t\t\t<\/div>\n\t\t\t\t<div class=\"elementor-element elementor-element-17f581b elementor-align-center elementor-widget elementor-widget-button\" data-id=\"17f581b\" data-element_type=\"widget\" data-widget_type=\"button.default\">\n\t\t\t\t<div class=\"elementor-widget-container\">\n\t\t\t\t\t<div class=\"elementor-button-wrapper\">\n\t\t\t<a class=\"elementor-button elementor-button-link elementor-size-sm\" href=\"https:\/\/www.co2engineering.com\/en\/loxy-combustion-quand-bruler-a-loxygene-ouvre-la-voie-au-co2-valorisable\/\">\n\t\t\t\t\t\t<span class=\"elementor-button-content-wrapper\">\n\t\t\t\t\t\t<span class=\"elementor-button-text\">En savoir plus sur l'oxy-combustion<\/span>\n\t\t<\/span>\n\t\t\t\t\t<\/a>\n\t\t<\/div>\n\t\t\t\t<\/div>\n\t\t\t\t<\/div>\n\t\t\t\t<div class=\"elementor-element elementor-element-1cf9083 elementor-align-center elementor-widget elementor-widget-button\" data-id=\"1cf9083\" data-element_type=\"widget\" data-widget_type=\"button.default\">\n\t\t\t\t<div class=\"elementor-widget-container\">\n\t\t\t\t\t<div class=\"elementor-button-wrapper\">\n\t\t\t<a class=\"elementor-button elementor-button-link elementor-size-sm\" href=\"https:\/\/www.co2engineering.com\/en\/transformer-le-co\u2082-en-molecules-dinteret-et-produire-de-loxygene-pour-loxy-combustion\/\">\n\t\t\t\t\t\t<span class=\"elementor-button-content-wrapper\">\n\t\t\t\t\t\t<span class=\"elementor-button-text\">En savoir plus sur la valorisation du CO2<\/span>\n\t\t<\/span>\n\t\t\t\t\t<\/a>\n\t\t<\/div>\n\t\t\t\t<\/div>\n\t\t\t\t<\/div>\n\t\t\t\t<div class=\"elementor-element elementor-element-05b4061 elementor-align-center elementor-widget elementor-widget-button\" data-id=\"05b4061\" data-element_type=\"widget\" data-widget_type=\"button.default\">\n\t\t\t\t<div class=\"elementor-widget-container\">\n\t\t\t\t\t<div class=\"elementor-button-wrapper\">\n\t\t\t<a class=\"elementor-button elementor-button-link elementor-size-sm\" href=\"https:\/\/www.co2engineering.com\/en\/une-alternative-credible-a-lhydrogene-pour-decarboner-nos-activites-industrielles\/\">\n\t\t\t\t\t\t<span class=\"elementor-button-content-wrapper\">\n\t\t\t\t\t\t<span class=\"elementor-button-text\">En savoir plus sur l'alternative \u00e0 l'hydrog\u00e8ne<\/span>\n\t\t<\/span>\n\t\t\t\t\t<\/a>\n\t\t<\/div>\n\t\t\t\t<\/div>\n\t\t\t\t<\/div>\n\t\t\t\t<div class=\"elementor-element elementor-element-16744f9 elementor-widget elementor-widget-image\" data-id=\"16744f9\" data-element_type=\"widget\" data-widget_type=\"image.default\">\n\t\t\t\t<div class=\"elementor-widget-container\">\n\t\t\t\t\t\t\t\t\t\t\t\t\t\t\t<img decoding=\"async\" width=\"1536\" height=\"790\" src=\"https:\/\/www.co2engineering.com\/wp-content\/uploads\/2025\/09\/Schema-CO2-combust-fr-1536x790.png\" class=\"attachment-1536x1536 size-1536x1536 wp-image-1553\" alt=\"\" srcset=\"https:\/\/www.co2engineering.com\/wp-content\/uploads\/2025\/09\/Schema-CO2-combust-fr-1536x790.png 1536w, https:\/\/www.co2engineering.com\/wp-content\/uploads\/2025\/09\/Schema-CO2-combust-fr-300x154.png 300w, https:\/\/www.co2engineering.com\/wp-content\/uploads\/2025\/09\/Schema-CO2-combust-fr-1024x526.png 1024w, https:\/\/www.co2engineering.com\/wp-content\/uploads\/2025\/09\/Schema-CO2-combust-fr-768x395.png 768w, https:\/\/www.co2engineering.com\/wp-content\/uploads\/2025\/09\/Schema-CO2-combust-fr-2048x1053.png 2048w, https:\/\/www.co2engineering.com\/wp-content\/uploads\/2025\/09\/Schema-CO2-combust-fr-18x9.png 18w\" sizes=\"(max-width: 1536px) 100vw, 1536px\" \/>\t\t\t\t\t\t\t\t\t\t\t\t\t\t\t<\/div>\n\t\t\t\t<\/div>\n\t\t<div class=\"elementor-element elementor-element-ce4724a e-flex e-con-boxed e-con e-child\" data-id=\"ce4724a\" data-element_type=\"container\" data-settings=\"{&quot;content_width&quot;:&quot;boxed&quot;}\">\n\t\t\t\t\t<div class=\"e-con-inner\">\n\t\t\t\t\t<\/div>\n\t\t\t\t<\/div>\n\t\t\t\t<div class=\"elementor-element elementor-element-489e6374 elementor-widget elementor-widget-spacer\" data-id=\"489e6374\" data-element_type=\"widget\" data-widget_type=\"spacer.default\">\n\t\t\t\t<div class=\"elementor-widget-container\">\n\t\t\t\t\t<div class=\"elementor-spacer\">\n\t\t\t<div class=\"elementor-spacer-inner\"><\/div>\n\t\t<\/div>\n\t\t\t\t<\/div>\n\t\t\t\t<\/div>\n\t\t\t\t\t<\/div>\n\t\t\t\t<\/div>\n\t\t\t\t\t\t\t<\/div>","protected":false},"excerpt":{"rendered":"<p>D\u00e9carbonation des fum\u00e9es issues d\u2019un \u00e9quipement de combustion Description de la solution : \u00a0Recyclage des fum\u00e9es vers la chambre de combustion (oxy-combustion) int\u00e9grant un g\u00e9n\u00e9rateur d\u2019oxyg\u00e8ne consommant le CO2 provenant des fum\u00e9es et produisant une mol\u00e9cule organique d\u2019int\u00e9r\u00eat (exemple : m\u00e9thanol, e-fuel&#8230;). Solution brevet\u00e9e. Objectif : R\u00e9duire rapidement l&#8217;empreinte carbone des \u00e9quipements de combustion en [&hellip;]<\/p>","protected":false},"author":3,"featured_media":0,"parent":0,"menu_order":0,"comment_status":"closed","ping_status":"closed","template":"elementor_header_footer","meta":{"om_disable_all_campaigns":false,"_monsterinsights_skip_tracking":false,"_monsterinsights_sitenote_active":false,"_monsterinsights_sitenote_note":"","_monsterinsights_sitenote_category":0,"_uf_show_specific_survey":0,"_uf_disable_surveys":false,"footnotes":""},"class_list":["post-1415","page","type-page","status-publish","hentry","entry"],"aioseo_notices":[],"_links":{"self":[{"href":"https:\/\/www.co2engineering.com\/en\/wp-json\/wp\/v2\/pages\/1415","targetHints":{"allow":["GET"]}}],"collection":[{"href":"https:\/\/www.co2engineering.com\/en\/wp-json\/wp\/v2\/pages"}],"about":[{"href":"https:\/\/www.co2engineering.com\/en\/wp-json\/wp\/v2\/types\/page"}],"author":[{"embeddable":true,"href":"https:\/\/www.co2engineering.com\/en\/wp-json\/wp\/v2\/users\/3"}],"replies":[{"embeddable":true,"href":"https:\/\/www.co2engineering.com\/en\/wp-json\/wp\/v2\/comments?post=1415"}],"version-history":[{"count":63,"href":"https:\/\/www.co2engineering.com\/en\/wp-json\/wp\/v2\/pages\/1415\/revisions"}],"predecessor-version":[{"id":1801,"href":"https:\/\/www.co2engineering.com\/en\/wp-json\/wp\/v2\/pages\/1415\/revisions\/1801"}],"wp:attachment":[{"href":"https:\/\/www.co2engineering.com\/en\/wp-json\/wp\/v2\/media?parent=1415"}],"curies":[{"name":"wp","href":"https:\/\/api.w.org\/{rel}","templated":true}]}}